{"id":2226,"date":"2020-10-05T15:00:09","date_gmt":"2020-10-05T15:00:09","guid":{"rendered":"https:\/\/www.zahnregulierung-klagenfurt.at\/?page_id=2226"},"modified":"2021-10-13T15:10:52","modified_gmt":"2021-10-13T15:10:52","slug":"bewertungen","status":"publish","type":"page","link":"https:\/\/www.zahnregulierung-klagenfurt.at\/de\/bewertungen\/","title":{"rendered":"Bewertungen"},"content":{"rendered":"\t\t<div data-elementor-type=\"wp-page\" data-elementor-id=\"2226\" class=\"elementor elementor-2226\" data-elementor-post-type=\"page\">\n\t\t\t\t\t\t<section class=\"elementor-section elementor-top-section elementor-element elementor-element-2ff0fda elementor-section-full_width elementor-section-height-min-height elementor-section-content-bottom elementor-section-height-default elementor-section-items-middle\" data-id=\"2ff0fda\" data-element_type=\"section\" data-e-type=\"section\" data-settings=\"{&quot;background_background&quot;:&quot;classic&quot;}\">\n\t\t\t\t\t\t\t<div class=\"elementor-background-overlay\"><\/div>\n\t\t\t\t\t\t\t<div class=\"elementor-container elementor-column-gap-default\">\n\t\t\t\t\t<div class=\"elementor-column elementor-col-50 elementor-top-column elementor-element elementor-element-bb59cec\" data-id=\"bb59cec\" data-element_type=\"column\" data-e-type=\"column\" data-settings=\"{&quot;background_background&quot;:&quot;classic&quot;}\">\n\t\t\t<div class=\"elementor-widget-wrap elementor-element-populated\">\n\t\t\t\t\t\t<div class=\"elementor-element elementor-element-768b001 elementor-widget elementor-widget-spacer\" data-id=\"768b001\" data-element_type=\"widget\" data-e-type=\"widget\" data-widget_type=\"spacer.default\">\n\t\t\t\t<div class=\"elementor-widget-container\">\n\t\t\t\t\t\t\t<div class=\"elementor-spacer\">\n\t\t\t<div class=\"elementor-spacer-inner\"><\/div>\n\t\t<\/div>\n\t\t\t\t\t\t<\/div>\n\t\t\t\t<\/div>\n\t\t\t\t\t<\/div>\n\t\t<\/div>\n\t\t\t\t<div class=\"elementor-column elementor-col-50 elementor-top-column elementor-element elementor-element-61d33df\" data-id=\"61d33df\" data-element_type=\"column\" data-e-type=\"column\" data-settings=\"{&quot;background_background&quot;:&quot;classic&quot;}\">\n\t\t\t<div class=\"elementor-widget-wrap elementor-element-populated\">\n\t\t\t\t\t<div class=\"elementor-background-overlay\"><\/div>\n\t\t\t\t\t\t<div class=\"elementor-element elementor-element-e310ea3 elementor-widget elementor-widget-heading\" data-id=\"e310ea3\" data-element_type=\"widget\" data-e-type=\"widget\" data-widget_type=\"heading.default\">\n\t\t\t\t<div class=\"elementor-widget-container\">\n\t\t\t\t\t<h1 class=\"elementor-heading-title elementor-size-default\">Bewerten Sie unsere Zahnarztpraxis.<\/h1>\t\t\t\t<\/div>\n\t\t\t\t<\/div>\n\t\t\t\t<div class=\"elementor-element elementor-element-88f2821 elementor-widget elementor-widget-text-editor\" data-id=\"88f2821\" data-element_type=\"widget\" data-e-type=\"widget\" data-widget_type=\"text-editor.default\">\n\t\t\t\t<div class=\"elementor-widget-container\">\n\t\t\t\t\t\t\t\t\t<p>Zufriedene Patientinnen und Patienten spornen uns an, motivieren uns f\u00fcr die Zukunft und sind wohl die beste Visitenkarte f\u00fcr unsere Praxis.<\/p><p>BITTE NEHMEN SIE SICH EINEN KURZEN MOMENT ZEIT, UM UNSERE ZAHNARZTPRAXIS ZU BEWERTEN!<\/p><p>Nur so k\u00f6nnen wir unseren hohen Qualit\u00e4tsstandard laufend verbessern.<\/p>\t\t\t\t\t\t\t\t<\/div>\n\t\t\t\t<\/div>\n\t\t\t\t<div class=\"elementor-element elementor-element-c513ec0 elementor-widget__width-auto elementor-widget elementor-widget-button\" data-id=\"c513ec0\" data-element_type=\"widget\" data-e-type=\"widget\" data-widget_type=\"button.default\">\n\t\t\t\t<div class=\"elementor-widget-container\">\n\t\t\t\t\t\t\t\t\t<div class=\"elementor-button-wrapper\">\n\t\t\t\t\t<a class=\"elementor-button elementor-button-link elementor-size-md\" href=\"https:\/\/g.page\/ZahnarztDrHannesschlaeger\/review\" target=\"_blank\" rel=\"nofollow\">\n\t\t\t\t\t\t<span class=\"elementor-button-content-wrapper\">\n\t\t\t\t\t\t<span class=\"elementor-button-icon\">\n\t\t\t\t<svg aria-hidden=\"true\" class=\"e-font-icon-svg e-fab-google\" viewBox=\"0 0 488 512\" xmlns=\"http:\/\/www.w3.org\/2000\/svg\"><path d=\"M488 261.8C488 403.3 391.1 504 248 504 110.8 504 0 393.2 0 256S110.8 8 248 8c66.8 0 123 24.5 166.3 64.9l-67.5 64.9C258.5 52.6 94.3 116.6 94.3 256c0 86.5 69.1 156.6 153.7 156.6 98.2 0 135-70.4 140.8-106.9H248v-85.3h236.1c2.3 12.7 3.9 24.9 3.9 41.4z\"><\/path><\/svg>\t\t\t<\/span>\n\t\t\t\t\t\t\t\t\t<span class=\"elementor-button-text\">Google<\/span>\n\t\t\t\t\t<\/span>\n\t\t\t\t\t<\/a>\n\t\t\t\t<\/div>\n\t\t\t\t\t\t\t\t<\/div>\n\t\t\t\t<\/div>\n\t\t\t\t<div class=\"elementor-element elementor-element-ff1baf7 elementor-widget__width-auto elementor-widget elementor-widget-button\" data-id=\"ff1baf7\" data-element_type=\"widget\" data-e-type=\"widget\" data-widget_type=\"button.default\">\n\t\t\t\t<div class=\"elementor-widget-container\">\n\t\t\t\t\t\t\t\t\t<div class=\"elementor-button-wrapper\">\n\t\t\t\t\t<a class=\"elementor-button elementor-button-link elementor-size-md\" href=\"https:\/\/www.facebook.com\/ZahnarztDrHannesschlaeger\/reviews\/\" target=\"_blank\" rel=\"nofollow\">\n\t\t\t\t\t\t<span class=\"elementor-button-content-wrapper\">\n\t\t\t\t\t\t<span class=\"elementor-button-icon\">\n\t\t\t\t<svg aria-hidden=\"true\" class=\"e-font-icon-svg e-fab-facebook-f\" viewBox=\"0 0 320 512\" xmlns=\"http:\/\/www.w3.org\/2000\/svg\"><path d=\"M279.14 288l14.22-92.66h-88.91v-60.13c0-25.35 12.42-50.06 52.24-50.06h40.42V6.26S260.43 0 225.36 0c-73.22 0-121.08 44.38-121.08 124.72v70.62H22.89V288h81.39v224h100.17V288z\"><\/path><\/svg>\t\t\t<\/span>\n\t\t\t\t\t\t\t\t\t<span class=\"elementor-button-text\">Facebook<\/span>\n\t\t\t\t\t<\/span>\n\t\t\t\t\t<\/a>\n\t\t\t\t<\/div>\n\t\t\t\t\t\t\t\t<\/div>\n\t\t\t\t<\/div>\n\t\t\t\t<div class=\"elementor-element elementor-element-c0c35e2 elementor-widget__width-auto elementor-widget elementor-widget-button\" data-id=\"c0c35e2\" data-element_type=\"widget\" data-e-type=\"widget\" data-widget_type=\"button.default\">\n\t\t\t\t<div class=\"elementor-widget-container\">\n\t\t\t\t\t\t\t\t\t<div class=\"elementor-button-wrapper\">\n\t\t\t\t\t<a class=\"elementor-button elementor-button-link elementor-size-md\" href=\"https:\/\/www.docfinder.at\/zahnarzt\/9020-klagenfurt\/dr-joerg-dieter-hannesschlaeger\/bewerten\" target=\"_blank\" rel=\"nofollow\">\n\t\t\t\t\t\t<span class=\"elementor-button-content-wrapper\">\n\t\t\t\t\t\t<span class=\"elementor-button-icon\">\n\t\t\t\t<svg xmlns=\"http:\/\/www.w3.org\/2000\/svg\" xmlns:xlink=\"http:\/\/www.w3.org\/1999\/xlink\" id=\"Ebene_1\" x=\"0px\" y=\"0px\" viewBox=\"0 0 1080 1080\" style=\"enable-background:new 0 0 1080 1080;\" xml:space=\"preserve\"><path d=\"M38.9,935.7c0-202.1,0-404.2,0-606.4c0.3-1.1,0.8-2.2,0.9-3.3c2.7-25.5,12.6-47.9,29.8-66.8c24.5-27,55.3-39.9,91.7-39.9  c251.5,0,502.9,0,754.4,0.1c8.2,0,16.5,0,24.6,1.2c57.7,8.6,100.9,59.1,100.9,117.6c0,196,0,391.9,0,587.9  c0,54.1-36.3,101.4-88.7,115.3c-7,1.9-14.3,2.9-21.5,4.3c-260.7,0-521.4,0-782.1,0c-0.9-0.3-1.8-0.8-2.8-0.9  c-49.9-5.2-90.9-40.6-103.2-89.2C41.3,949,40.2,942.3,38.9,935.7z M540,886.6c124.4,1.6,247.2-96.4,253.9-243.4  c6.5-141.4-104.8-260.8-246.9-264.9c-132.8-3.9-253.6,97.8-261.1,241.5C278.1,770,400.8,888.9,540,886.6z\"><\/path><path d=\"M675.1,34.4c5.1,1,10.3,1.8,15.4,3c55.9,12.2,94.7,61.6,93.5,118.9c-0.4,20.4-17.9,37.2-38.4,37  c-20.9-0.3-37.6-16.7-37.8-37.4c-0.3-22.4-12.4-38.6-33-43.6c-3.6-0.9-7.4-1.1-11.2-1.1c-82.2-0.1-164.4-0.1-246.6,0  c-25.5,0-43.4,17.4-44.1,42.7c-0.6,21.2-18.1,38.2-38.8,37.8c-21.7-0.5-38.6-18.5-37.8-40.3c1.2-33.6,13.6-62.2,38.2-85.1  c19.1-17.8,41.8-28,67.9-30.8c1.1-0.1,2.2-0.6,3.4-0.9C495.6,34.4,585.3,34.4,675.1,34.4z\"><\/path><path d=\"M485.1,799.9c0-37.4,0-74.4,0-111.9c-38,0-75.4,0-113.3,0c0-36.8,0-73.1,0-110c37.5,0,75,0,113.1,0c0-38.1,0-75.8,0-113.8  c37.1,0,73.5,0,110.5,0c0,37.7,0,75.3,0,113.5c37.6,0,74.7,0,112.1,0c0,36.8,0,73,0,109.9c-37,0-74.1,0-111.9,0c0,37.8,0,75,0,112.3  C558.4,799.9,522,799.9,485.1,799.9z\"><\/path><\/svg>\t\t\t<\/span>\n\t\t\t\t\t\t\t\t\t<span class=\"elementor-button-text\">Docfinder<\/span>\n\t\t\t\t\t<\/span>\n\t\t\t\t\t<\/a>\n\t\t\t\t<\/div>\n\t\t\t\t\t\t\t\t<\/div>\n\t\t\t\t<\/div>\n\t\t\t\t<div class=\"elementor-element elementor-element-c650b60 elementor-widget__width-auto elementor-widget elementor-widget-button\" data-id=\"c650b60\" data-element_type=\"widget\" data-e-type=\"widget\" data-widget_type=\"button.default\">\n\t\t\t\t<div class=\"elementor-widget-container\">\n\t\t\t\t\t\t\t\t\t<div class=\"elementor-button-wrapper\">\n\t\t\t\t\t<a class=\"elementor-button elementor-button-link elementor-size-md\" href=\"https:\/\/www.herold.at\/gelbe-seiten\/klagenfurt-am-w%C3%B6rthersee\/VbLp9\/zahnarztpraxis-am-lendhafen-dr-j%C3%B6rg-hannesschl%C3%A4ger\/\" target=\"_blank\" rel=\"nofollow\">\n\t\t\t\t\t\t<span class=\"elementor-button-content-wrapper\">\n\t\t\t\t\t\t\t\t\t<span class=\"elementor-button-text\">Herold<\/span>\n\t\t\t\t\t<\/span>\n\t\t\t\t\t<\/a>\n\t\t\t\t<\/div>\n\t\t\t\t\t\t\t\t<\/div>\n\t\t\t\t<\/div>\n\t\t\t\t<div class=\"elementor-element elementor-element-27c7775 elementor-widget elementor-widget-heading\" data-id=\"27c7775\" data-element_type=\"widget\" data-e-type=\"widget\" data-widget_type=\"heading.default\">\n\t\t\t\t<div class=\"elementor-widget-container\">\n\t\t\t\t\t<h2 class=\"elementor-heading-title elementor-size-default\">Danke!<\/h2>\t\t\t\t<\/div>\n\t\t\t\t<\/div>\n\t\t\t\t\t<\/div>\n\t\t<\/div>\n\t\t\t\t\t<\/div>\n\t\t<\/section>\n\t\t\t\t<\/div>\n\t\t","protected":false},"excerpt":{"rendered":"<p>Bewerten Sie unsere Zahnarztpraxis. Zufriedene Patientinnen und Patienten spornen uns an, motivieren uns f\u00fcr die Zukunft und sind wohl die beste Visitenkarte f\u00fcr unsere Praxis. BITTE NEHMEN SIE SICH EINEN KURZEN MOMENT ZEIT, UM UNSERE ZAHNARZTPRAXIS ZU BEWERTEN! Nur so k\u00f6nnen wir unseren hohen Qualit\u00e4tsstandard laufend verbessern. Google Facebook Docfinder Herold Danke!<\/p>\n","protected":false},"author":1,"featured_media":0,"parent":0,"menu_order":0,"comment_status":"closed","ping_status":"closed","template":"elementor_header_footer","meta":{"footnotes":""},"class_list":["post-2226","page","type-page","status-publish","hentry"],"yoast_head":"<!-- This site is optimized with the Yoast SEO Premium plugin v22.0 (Yoast SEO v27.4) - https:\/\/yoast.com\/product\/yoast-seo-premium-wordpress\/ -->\n<title>Zahnarztpraxis jetzt bewerten! So verbessern wir uns laufend!<\/title>\n<meta name=\"description\" content=\"Bewerten Sie unsere Zahnarztpraxis! Nur so k\u00f6nnen wir unseren hohen Qualit\u00e4tsstandard laufend verbessern! Herzlichen Dank!\" \/>\n<meta name=\"robots\" content=\"index, follow, max-snippet:-1, max-image-preview:large, max-video-preview:-1\" \/>\n<link rel=\"canonical\" href=\"https:\/\/www.zahnregulierung-klagenfurt.at\/de\/bewertungen\/\" \/>\n<meta property=\"og:locale\" content=\"de_DE\" \/>\n<meta property=\"og:type\" content=\"article\" \/>\n<meta property=\"og:title\" content=\"Bewertungen\" \/>\n<meta property=\"og:description\" content=\"Dr. J&ouml;rg Hannesschl&auml;ger\" \/>\n<meta property=\"og:url\" content=\"https:\/\/www.zahnregulierung-klagenfurt.at\/de\/bewertungen\/\" \/>\n<meta property=\"og:site_name\" content=\"Dr. J&ouml;rg Hannesschl&auml;ger\" \/>\n<meta property=\"article:publisher\" content=\"https:\/\/www.facebook.com\/ZahnarztDrHannesschlaeger\/\" \/>\n<meta property=\"article:modified_time\" content=\"2021-10-13T15:10:52+00:00\" \/>\n<meta name=\"twitter:card\" content=\"summary_large_image\" \/>\n<meta name=\"twitter:label1\" content=\"Gesch\u00e4tzte Lesezeit\" \/>\n\t<meta name=\"twitter:data1\" content=\"1\u00a0Minute\" \/>\n<script type=\"application\/ld+json\" class=\"yoast-schema-graph\">{\"@context\":\"https:\\\/\\\/schema.org\",\"@graph\":[{\"@type\":\"WebPage\",\"@id\":\"https:\\\/\\\/www.zahnregulierung-klagenfurt.at\\\/de\\\/bewertungen\\\/\",\"url\":\"https:\\\/\\\/www.zahnregulierung-klagenfurt.at\\\/de\\\/bewertungen\\\/\",\"name\":\"Zahnarztpraxis jetzt bewerten! So verbessern wir uns laufend!\",\"isPartOf\":{\"@id\":\"https:\\\/\\\/www.zahnregulierung-klagenfurt.at\\\/de\\\/#website\"},\"datePublished\":\"2020-10-05T15:00:09+00:00\",\"dateModified\":\"2021-10-13T15:10:52+00:00\",\"description\":\"Bewerten Sie unsere Zahnarztpraxis! Nur so k\u00f6nnen wir unseren hohen Qualit\u00e4tsstandard laufend verbessern! Herzlichen Dank!\",\"breadcrumb\":{\"@id\":\"https:\\\/\\\/www.zahnregulierung-klagenfurt.at\\\/de\\\/bewertungen\\\/#breadcrumb\"},\"inLanguage\":\"de\",\"potentialAction\":[{\"@type\":\"ReadAction\",\"target\":[\"https:\\\/\\\/www.zahnregulierung-klagenfurt.at\\\/de\\\/bewertungen\\\/\"]}]},{\"@type\":\"BreadcrumbList\",\"@id\":\"https:\\\/\\\/www.zahnregulierung-klagenfurt.at\\\/de\\\/bewertungen\\\/#breadcrumb\",\"itemListElement\":[{\"@type\":\"ListItem\",\"position\":1,\"name\":\"Zahnregulierung Klagenfurt\",\"item\":\"https:\\\/\\\/www.zahnregulierung-klagenfurt.at\\\/de\\\/\"},{\"@type\":\"ListItem\",\"position\":2,\"name\":\"Bewertungen\"}]},{\"@type\":\"WebSite\",\"@id\":\"https:\\\/\\\/www.zahnregulierung-klagenfurt.at\\\/de\\\/#website\",\"url\":\"https:\\\/\\\/www.zahnregulierung-klagenfurt.at\\\/de\\\/\",\"name\":\"Dr. J&ouml;rg Hannesschl&auml;ger\",\"description\":\"\",\"publisher\":{\"@id\":\"https:\\\/\\\/www.zahnregulierung-klagenfurt.at\\\/de\\\/#organization\"},\"potentialAction\":[{\"@type\":\"SearchAction\",\"target\":{\"@type\":\"EntryPoint\",\"urlTemplate\":\"https:\\\/\\\/www.zahnregulierung-klagenfurt.at\\\/de\\\/?s={search_term_string}\"},\"query-input\":{\"@type\":\"PropertyValueSpecification\",\"valueRequired\":true,\"valueName\":\"search_term_string\"}}],\"inLanguage\":\"de\"},{\"@type\":\"Organization\",\"@id\":\"https:\\\/\\\/www.zahnregulierung-klagenfurt.at\\\/de\\\/#organization\",\"name\":\"Zahnarztpraxis Dr. J\u00f6rg Hannesschl\u00e4ger\",\"url\":\"https:\\\/\\\/www.zahnregulierung-klagenfurt.at\\\/de\\\/\",\"logo\":{\"@type\":\"ImageObject\",\"inLanguage\":\"de\",\"@id\":\"https:\\\/\\\/www.zahnregulierung-klagenfurt.at\\\/de\\\/#\\\/schema\\\/logo\\\/image\\\/\",\"url\":\"https:\\\/\\\/www.zahnregulierung-klagenfurt.at\\\/wp-content\\\/uploads\\\/2020\\\/01\\\/favicon-1.png\",\"contentUrl\":\"https:\\\/\\\/www.zahnregulierung-klagenfurt.at\\\/wp-content\\\/uploads\\\/2020\\\/01\\\/favicon-1.png\",\"width\":512,\"height\":512,\"caption\":\"Zahnarztpraxis Dr. J\u00f6rg Hannesschl\u00e4ger\"},\"image\":{\"@id\":\"https:\\\/\\\/www.zahnregulierung-klagenfurt.at\\\/de\\\/#\\\/schema\\\/logo\\\/image\\\/\"},\"sameAs\":[\"https:\\\/\\\/www.facebook.com\\\/ZahnarztDrHannesschlaeger\\\/\",\"https:\\\/\\\/www.instagram.com\\\/zahnarztpraxis_lendhafen\\\/\",\"https:\\\/\\\/www.youtube.com\\\/channel\\\/UCY8wT4RYM_OJDcXanarV9Ag\",\"https:\\\/\\\/www.pinterest.at\\\/PraxisLendhafen\\\/\",\"https:\\\/\\\/www.tiktok.com\\\/@zahnarztpraxis_lendhafen\"]}]}<\/script>\n<!-- \/ Yoast SEO Premium plugin. -->","yoast_head_json":{"title":"Zahnarztpraxis jetzt bewerten! So verbessern wir uns laufend!","description":"Bewerten Sie unsere Zahnarztpraxis! Nur so k\u00f6nnen wir unseren hohen Qualit\u00e4tsstandard laufend verbessern! Herzlichen Dank!","robots":{"index":"index","follow":"follow","max-snippet":"max-snippet:-1","max-image-preview":"max-image-preview:large","max-video-preview":"max-video-preview:-1"},"canonical":"https:\/\/www.zahnregulierung-klagenfurt.at\/de\/bewertungen\/","og_locale":"de_DE","og_type":"article","og_title":"Bewertungen","og_description":"Dr. J&ouml;rg Hannesschl&auml;ger","og_url":"https:\/\/www.zahnregulierung-klagenfurt.at\/de\/bewertungen\/","og_site_name":"Dr. J&ouml;rg Hannesschl&auml;ger","article_publisher":"https:\/\/www.facebook.com\/ZahnarztDrHannesschlaeger\/","article_modified_time":"2021-10-13T15:10:52+00:00","twitter_card":"summary_large_image","twitter_misc":{"Gesch\u00e4tzte Lesezeit":"1\u00a0Minute"},"schema":{"@context":"https:\/\/schema.org","@graph":[{"@type":"WebPage","@id":"https:\/\/www.zahnregulierung-klagenfurt.at\/de\/bewertungen\/","url":"https:\/\/www.zahnregulierung-klagenfurt.at\/de\/bewertungen\/","name":"Zahnarztpraxis jetzt bewerten! So verbessern wir uns laufend!","isPartOf":{"@id":"https:\/\/www.zahnregulierung-klagenfurt.at\/de\/#website"},"datePublished":"2020-10-05T15:00:09+00:00","dateModified":"2021-10-13T15:10:52+00:00","description":"Bewerten Sie unsere Zahnarztpraxis! Nur so k\u00f6nnen wir unseren hohen Qualit\u00e4tsstandard laufend verbessern! Herzlichen Dank!","breadcrumb":{"@id":"https:\/\/www.zahnregulierung-klagenfurt.at\/de\/bewertungen\/#breadcrumb"},"inLanguage":"de","potentialAction":[{"@type":"ReadAction","target":["https:\/\/www.zahnregulierung-klagenfurt.at\/de\/bewertungen\/"]}]},{"@type":"BreadcrumbList","@id":"https:\/\/www.zahnregulierung-klagenfurt.at\/de\/bewertungen\/#breadcrumb","itemListElement":[{"@type":"ListItem","position":1,"name":"Zahnregulierung Klagenfurt","item":"https:\/\/www.zahnregulierung-klagenfurt.at\/de\/"},{"@type":"ListItem","position":2,"name":"Bewertungen"}]},{"@type":"WebSite","@id":"https:\/\/www.zahnregulierung-klagenfurt.at\/de\/#website","url":"https:\/\/www.zahnregulierung-klagenfurt.at\/de\/","name":"Dr. J&ouml;rg Hannesschl&auml;ger","description":"","publisher":{"@id":"https:\/\/www.zahnregulierung-klagenfurt.at\/de\/#organization"},"potentialAction":[{"@type":"SearchAction","target":{"@type":"EntryPoint","urlTemplate":"https:\/\/www.zahnregulierung-klagenfurt.at\/de\/?s={search_term_string}"},"query-input":{"@type":"PropertyValueSpecification","valueRequired":true,"valueName":"search_term_string"}}],"inLanguage":"de"},{"@type":"Organization","@id":"https:\/\/www.zahnregulierung-klagenfurt.at\/de\/#organization","name":"Zahnarztpraxis Dr. J\u00f6rg Hannesschl\u00e4ger","url":"https:\/\/www.zahnregulierung-klagenfurt.at\/de\/","logo":{"@type":"ImageObject","inLanguage":"de","@id":"https:\/\/www.zahnregulierung-klagenfurt.at\/de\/#\/schema\/logo\/image\/","url":"https:\/\/www.zahnregulierung-klagenfurt.at\/wp-content\/uploads\/2020\/01\/favicon-1.png","contentUrl":"https:\/\/www.zahnregulierung-klagenfurt.at\/wp-content\/uploads\/2020\/01\/favicon-1.png","width":512,"height":512,"caption":"Zahnarztpraxis Dr. J\u00f6rg Hannesschl\u00e4ger"},"image":{"@id":"https:\/\/www.zahnregulierung-klagenfurt.at\/de\/#\/schema\/logo\/image\/"},"sameAs":["https:\/\/www.facebook.com\/ZahnarztDrHannesschlaeger\/","https:\/\/www.instagram.com\/zahnarztpraxis_lendhafen\/","https:\/\/www.youtube.com\/channel\/UCY8wT4RYM_OJDcXanarV9Ag","https:\/\/www.pinterest.at\/PraxisLendhafen\/","https:\/\/www.tiktok.com\/@zahnarztpraxis_lendhafen"]}]}},"_links":{"self":[{"href":"https:\/\/www.zahnregulierung-klagenfurt.at\/de\/wp-json\/wp\/v2\/pages\/2226","targetHints":{"allow":["GET"]}}],"collection":[{"href":"https:\/\/www.zahnregulierung-klagenfurt.at\/de\/wp-json\/wp\/v2\/pages"}],"about":[{"href":"https:\/\/www.zahnregulierung-klagenfurt.at\/de\/wp-json\/wp\/v2\/types\/page"}],"author":[{"embeddable":true,"href":"https:\/\/www.zahnregulierung-klagenfurt.at\/de\/wp-json\/wp\/v2\/users\/1"}],"replies":[{"embeddable":true,"href":"https:\/\/www.zahnregulierung-klagenfurt.at\/de\/wp-json\/wp\/v2\/comments?post=2226"}],"version-history":[{"count":16,"href":"https:\/\/www.zahnregulierung-klagenfurt.at\/de\/wp-json\/wp\/v2\/pages\/2226\/revisions"}],"predecessor-version":[{"id":3488,"href":"https:\/\/www.zahnregulierung-klagenfurt.at\/de\/wp-json\/wp\/v2\/pages\/2226\/revisions\/3488"}],"wp:attachment":[{"href":"https:\/\/www.zahnregulierung-klagenfurt.at\/de\/wp-json\/wp\/v2\/media?parent=2226"}],"curies":[{"name":"wp","href":"https:\/\/api.w.org\/{rel}","templated":true}]}}