{"id":1273,"date":"2019-12-11T14:57:58","date_gmt":"2019-12-11T14:57:58","guid":{"rendered":"https:\/\/www.zahnregulierung-klagenfurt.at\/?page_id=1273"},"modified":"2025-12-10T10:09:47","modified_gmt":"2025-12-10T10:09:47","slug":"ist-mein-fall-geeignet","status":"publish","type":"page","link":"https:\/\/www.zahnregulierung-klagenfurt.at\/de\/ist-mein-fall-geeignet\/","title":{"rendered":"Ist mein Fall geeignet?"},"content":{"rendered":"\t\t<div data-elementor-type=\"wp-page\" data-elementor-id=\"1273\" class=\"elementor elementor-1273\" data-elementor-post-type=\"page\">\n\t\t\t\t\t\t<section class=\"elementor-section elementor-top-section elementor-element elementor-element-71b68a8 elementor-section-height-min-height elementor-section-content-middle elementor-reverse-mobile elementor-section-items-stretch elementor-section-boxed elementor-section-height-default\" data-id=\"71b68a8\" data-element_type=\"section\" data-e-type=\"section\" data-settings=\"{&quot;background_background&quot;:&quot;classic&quot;}\">\n\t\t\t\t\t\t\t<div class=\"elementor-background-overlay\"><\/div>\n\t\t\t\t\t\t\t<div class=\"elementor-container elementor-column-gap-no\">\n\t\t\t\t\t<div class=\"elementor-column elementor-col-100 elementor-top-column elementor-element elementor-element-735d488\" data-id=\"735d488\" data-element_type=\"column\" data-e-type=\"column\">\n\t\t\t<div class=\"elementor-widget-wrap elementor-element-populated\">\n\t\t\t\t\t\t<section class=\"elementor-section elementor-inner-section elementor-element elementor-element-06a38e0 elementor-section-boxed elementor-section-height-default elementor-section-height-default\" data-id=\"06a38e0\" data-element_type=\"section\" data-e-type=\"section\">\n\t\t\t\t\t\t<div class=\"elementor-container elementor-column-gap-default\">\n\t\t\t\t\t<div class=\"elementor-column elementor-col-50 elementor-inner-column elementor-element elementor-element-64de1c2\" data-id=\"64de1c2\" data-element_type=\"column\" data-e-type=\"column\">\n\t\t\t<div class=\"elementor-widget-wrap elementor-element-populated\">\n\t\t\t\t\t\t<div class=\"elementor-element elementor-element-1a0b8ef elementor-widget elementor-widget-heading\" data-id=\"1a0b8ef\" data-element_type=\"widget\" data-e-type=\"widget\" data-widget_type=\"heading.default\">\n\t\t\t\t<div class=\"elementor-widget-container\">\n\t\t\t\t\t<h1 class=\"elementor-heading-title elementor-size-default\">Ist mein Fall geeignet?<\/h1>\t\t\t\t<\/div>\n\t\t\t\t<\/div>\n\t\t\t\t<div class=\"elementor-element elementor-element-42523e7 elementor-widget elementor-widget-text-editor\" data-id=\"42523e7\" data-element_type=\"widget\" data-e-type=\"widget\" data-widget_type=\"text-editor.default\">\n\t\t\t\t<div class=\"elementor-widget-container\">\n\t\t\t\t\t\t\t\t\t<p>Die <a href=\"https:\/\/www.zahnregulierung-klagenfurt.at\/de\/leistungen\/unsichtbare-zahnspange\/\">transparente Zahnspange<\/a> wird als Alternative zu Brackets verwendet, um Zahnfehlstellungen zu regulieren. Beantworten Sie f\u00fcnf kurze Fragen und erfahren Sie, ob diese Methode auch f\u00fcr Sie und Ihren individuellen Fall geeignet sein k\u00f6nnte. Wir melden uns dann mit einer ersten Einsch\u00e4tzung bei Ihnen. Alternativ k\u00f6nnen Sie auch gerne einen unverbindlichen Beratungstermin vereinbaren. Wir sind mehrmals w\u00f6chentlich zus\u00e4tzlich auch nachmittags f\u00fcr Sie da. So lassen sich Zahnarzttermine noch leichter mit dem Alltag insbesondere von Berufst\u00e4tigen vereinbaren. Starten Sie jetzt mit dem Weg zu Ihrem sch\u00f6nsten L\u00e4cheln! Wir begleiten Sie gerne.<\/p>\t\t\t\t\t\t\t\t<\/div>\n\t\t\t\t<\/div>\n\t\t\t\t<div class=\"elementor-element elementor-element-4f36482 elementor-widget elementor-widget-button\" data-id=\"4f36482\" data-element_type=\"widget\" data-e-type=\"widget\" data-widget_type=\"button.default\">\n\t\t\t\t<div class=\"elementor-widget-container\">\n\t\t\t\t\t\t\t\t\t<div class=\"elementor-button-wrapper\">\n\t\t\t\t\t<a class=\"elementor-button elementor-button-link elementor-size-sm\" href=\"https:\/\/www.zahnregulierung-klagenfurt.at\/de\/kontakt\/\">\n\t\t\t\t\t\t<span class=\"elementor-button-content-wrapper\">\n\t\t\t\t\t\t\t\t\t<span class=\"elementor-button-text\">Termin Vereinbaren<\/span>\n\t\t\t\t\t<\/span>\n\t\t\t\t\t<\/a>\n\t\t\t\t<\/div>\n\t\t\t\t\t\t\t\t<\/div>\n\t\t\t\t<\/div>\n\t\t\t\t\t<\/div>\n\t\t<\/div>\n\t\t\t\t<div class=\"elementor-column elementor-col-50 elementor-inner-column elementor-element elementor-element-9e7f832\" data-id=\"9e7f832\" data-element_type=\"column\" data-e-type=\"column\" data-settings=\"{&quot;background_background&quot;:&quot;classic&quot;}\">\n\t\t\t<div class=\"elementor-widget-wrap elementor-element-populated\">\n\t\t\t\t\t\t<div class=\"elementor-element elementor-element-f78ed64 elementor-button-align-center elementor-widget elementor-widget-form\" data-id=\"f78ed64\" data-element_type=\"widget\" data-e-type=\"widget\" data-settings=\"{&quot;step_next_label&quot;:&quot;N\\u00e4chster&quot;,&quot;step_previous_label&quot;:&quot;Voriger&quot;,&quot;button_width&quot;:&quot;100&quot;,&quot;step_type&quot;:&quot;number_text&quot;,&quot;step_icon_shape&quot;:&quot;circle&quot;}\" data-widget_type=\"form.default\">\n\t\t\t\t<div class=\"elementor-widget-container\">\n\t\t\t\t\t\t\t<form class=\"elementor-form\" method=\"post\" name=\"Kontakt\" aria-label=\"Kontakt\">\n\t\t\t<input type=\"hidden\" name=\"post_id\" value=\"1273\"\/>\n\t\t\t<input type=\"hidden\" name=\"form_id\" value=\"f78ed64\"\/>\n\t\t\t<input type=\"hidden\" name=\"referer_title\" value=\"Dr. J&ouml;rg Hannesschl&auml;ger\" \/>\n\n\t\t\t\n\t\t\t<div class=\"elementor-form-fields-wrapper elementor-labels-above\">\n\t\t\t\t\t\t\t\t<div class=\"elementor-field-type-radio elementor-field-group elementor-column elementor-field-group-field_2 elementor-col-50 elementor-md-100\">\n\t\t\t\t\t\t\t\t\t\t\t\t<label for=\"form-field-field_2\" class=\"elementor-field-label\">\n\t\t\t\t\t\t\t\tHaben Sie schiefe Z\u00e4hne?\t\t\t\t\t\t\t<\/label>\n\t\t\t\t\t\t<div class=\"elementor-field-subgroup  \"><span class=\"elementor-field-option\"><input type=\"radio\" value=\"Ja\" id=\"form-field-field_2-0\" name=\"form_fields[field_2]\"> <label for=\"form-field-field_2-0\">Ja<\/label><\/span><span class=\"elementor-field-option\"><input type=\"radio\" value=\"Nein\" id=\"form-field-field_2-1\" name=\"form_fields[field_2]\"> <label for=\"form-field-field_2-1\">Nein<\/label><\/span><\/div>\t\t\t\t<\/div>\n\t\t\t\t\t\t\t\t<div class=\"elementor-field-type-radio elementor-field-group elementor-column elementor-field-group-field_3 elementor-col-50 elementor-md-100\">\n\t\t\t\t\t\t\t\t\t\t\t\t<label for=\"form-field-field_3\" class=\"elementor-field-label\">\n\t\t\t\t\t\t\t\tGibt es Zahnl\u00fccken?\t\t\t\t\t\t\t<\/label>\n\t\t\t\t\t\t<div class=\"elementor-field-subgroup  \"><span class=\"elementor-field-option\"><input type=\"radio\" value=\"Ja\" id=\"form-field-field_3-0\" name=\"form_fields[field_3]\"> <label for=\"form-field-field_3-0\">Ja<\/label><\/span><span class=\"elementor-field-option\"><input type=\"radio\" value=\"Nein\" id=\"form-field-field_3-1\" name=\"form_fields[field_3]\"> <label for=\"form-field-field_3-1\">Nein<\/label><\/span><\/div>\t\t\t\t<\/div>\n\t\t\t\t\t\t\t\t<div class=\"elementor-field-type-radio elementor-field-group elementor-column elementor-field-group-field_5 elementor-col-50 elementor-md-100\">\n\t\t\t\t\t\t\t\t\t\t\t\t<label for=\"form-field-field_5\" class=\"elementor-field-label\">\n\t\t\t\t\t\t\t\tHaben Sie Implantate, Kronen oder Veneers?\t\t\t\t\t\t\t<\/label>\n\t\t\t\t\t\t<div class=\"elementor-field-subgroup  \"><span class=\"elementor-field-option\"><input type=\"radio\" value=\"Ja\" id=\"form-field-field_5-0\" name=\"form_fields[field_5]\"> <label for=\"form-field-field_5-0\">Ja<\/label><\/span><span class=\"elementor-field-option\"><input type=\"radio\" value=\"Nein\" id=\"form-field-field_5-1\" name=\"form_fields[field_5]\"> <label for=\"form-field-field_5-1\">Nein<\/label><\/span><\/div>\t\t\t\t<\/div>\n\t\t\t\t\t\t\t\t<div class=\"elementor-field-type-radio elementor-field-group elementor-column elementor-field-group-field_6 elementor-col-50 elementor-md-100\">\n\t\t\t\t\t\t\t\t\t\t\t\t<label for=\"form-field-field_6\" class=\"elementor-field-label\">\n\t\t\t\t\t\t\t\tTragen Sie eine Knirschschiene?\t\t\t\t\t\t\t<\/label>\n\t\t\t\t\t\t<div class=\"elementor-field-subgroup  \"><span class=\"elementor-field-option\"><input type=\"radio\" value=\"Ja\" id=\"form-field-field_6-0\" name=\"form_fields[field_6]\"> <label for=\"form-field-field_6-0\">Ja<\/label><\/span><span class=\"elementor-field-option\"><input type=\"radio\" value=\"Nein\" id=\"form-field-field_6-1\" name=\"form_fields[field_6]\"> <label for=\"form-field-field_6-1\">Nein<\/label><\/span><\/div>\t\t\t\t<\/div>\n\t\t\t\t\t\t\t\t<div class=\"elementor-field-type-radio elementor-field-group elementor-column elementor-field-group-field_7 elementor-col-50 elementor-md-100\">\n\t\t\t\t\t\t\t\t\t\t\t\t<label for=\"form-field-field_7\" class=\"elementor-field-label\">\n\t\t\t\t\t\t\t\tHaben Sie Parodontitis?\t\t\t\t\t\t\t<\/label>\n\t\t\t\t\t\t<div class=\"elementor-field-subgroup  \"><span class=\"elementor-field-option\"><input type=\"radio\" value=\"Ja\" id=\"form-field-field_7-0\" name=\"form_fields[field_7]\"> <label for=\"form-field-field_7-0\">Ja<\/label><\/span><span class=\"elementor-field-option\"><input type=\"radio\" value=\"Nein\" id=\"form-field-field_7-1\" name=\"form_fields[field_7]\"> <label for=\"form-field-field_7-1\">Nein<\/label><\/span><\/div>\t\t\t\t<\/div>\n\t\t\t\t\t\t\t\t<div class=\"elementor-field-type-email elementor-field-group elementor-column elementor-field-group-email elementor-col-100\">\n\t\t\t\t\t\t\t\t\t\t\t\t<label for=\"form-field-email\" class=\"elementor-field-label\">\n\t\t\t\t\t\t\t\tE-Mail\t\t\t\t\t\t\t<\/label>\n\t\t\t\t\t\t\t\t\t\t\t\t\t\t<input size=\"1\" type=\"email\" name=\"form_fields[email]\" id=\"form-field-email\" class=\"elementor-field elementor-size-md  elementor-field-textual\">\n\t\t\t\t\t\t\t\t\t\t\t<\/div>\n\t\t\t\t\t\t\t\t<div class=\"elementor-field-type-text elementor-field-group elementor-column elementor-field-group-message elementor-col-100 elementor-field-required elementor-mark-required\">\n\t\t\t\t\t\t\t\t\t\t\t\t<label for=\"form-field-message\" class=\"elementor-field-label\">\n\t\t\t\t\t\t\t\tTelefon\t\t\t\t\t\t\t<\/label>\n\t\t\t\t\t\t\t\t\t\t\t\t\t\t<input size=\"1\" type=\"text\" name=\"form_fields[message]\" id=\"form-field-message\" class=\"elementor-field elementor-size-md  elementor-field-textual\" required=\"required\">\n\t\t\t\t\t\t\t\t\t\t\t<\/div>\n\t\t\t\t\t\t\t\t<div class=\"elementor-field-type-acceptance elementor-field-group elementor-column elementor-field-group-field_1 elementor-col-100 elementor-field-required elementor-mark-required\">\n\t\t\t\t\t\t\t\t\t\t\t\t<label for=\"form-field-field_1\" class=\"elementor-field-label\">\n\t\t\t\t\t\t\t\tDatenschutz\t\t\t\t\t\t\t<\/label>\n\t\t\t\t\t\t\t\t<div class=\"elementor-field-subgroup\">\n\t\t\t<span class=\"elementor-field-option\">\n\t\t\t\t<input type=\"checkbox\" name=\"form_fields[field_1]\" id=\"form-field-field_1\" class=\"elementor-field elementor-size-md  elementor-acceptance-field\" required=\"required\">\n\t\t\t\t<label for=\"form-field-field_1\">Mit der Eingabe und Absendung Ihrer Daten erkl\u00e4ren Sie sich einverstanden, dass wir Ihre Angaben zum Zwecke der Beantwortung Ihrer Anfrage und etwaiger R\u00fcckfragen entgegennehmen, zwischenspeichern und auswerten. Weitere Informationen finden Sie auf der Seite <a href=\"https:\/\/www.zahnregulierung-klagenfurt.at\/de\/datenschutz\/\">Datenschutz<\/a>.<\/label>\t\t\t<\/span>\n\t\t<\/div>\n\t\t\t\t\t\t<\/div>\n\t\t\t\t\t\t\t\t<div class=\"elementor-field-type-recaptcha_v3 elementor-field-group elementor-column elementor-field-group-field_98a2b30 elementor-col-100 recaptcha_v3-inline\">\n\t\t\t\t\t<div class=\"elementor-field\" id=\"form-field-field_98a2b30\"><div class=\"elementor-g-recaptcha\" data-sitekey=\"6LdejO0dAAAAAPyoWHCBrNxCW--A_4jmIW-Y4By5\" data-type=\"v3\" data-action=\"Form\" data-badge=\"inline\" data-size=\"invisible\"><\/div><\/div>\t\t\t\t<\/div>\n\t\t\t\t\t\t\t\t<div class=\"elementor-field-group elementor-column elementor-field-type-submit elementor-col-100 e-form__buttons\">\n\t\t\t\t\t<button class=\"elementor-button elementor-size-md\" type=\"submit\">\n\t\t\t\t\t\t<span class=\"elementor-button-content-wrapper\">\n\t\t\t\t\t\t\t\t\t\t\t\t\t\t\t<span class=\"elementor-button-icon\">\n\t\t\t\t\t\t\t\t\t<svg aria-hidden=\"true\" class=\"e-font-icon-svg e-fas-paper-plane\" viewBox=\"0 0 512 512\" xmlns=\"http:\/\/www.w3.org\/2000\/svg\"><path d=\"M476 3.2L12.5 270.6c-18.1 10.4-15.8 35.6 2.2 43.2L121 358.4l287.3-253.2c5.5-4.9 13.3 2.6 8.6 8.3L176 407v80.5c0 23.6 28.5 32.9 42.5 15.8L282 426l124.6 52.2c14.2 6 30.4-2.9 33-18.2l72-432C515 7.8 493.3-6.8 476 3.2z\"><\/path><\/svg>\t\t\t\t\t\t\t\t\t\t\t\t\t\t\t\t\t<\/span>\n\t\t\t\t\t\t\t\t\t\t\t\t\t\t\t\t\t\t\t\t\t\t<span class=\"elementor-button-text\">Senden<\/span>\n\t\t\t\t\t\t\t\t\t\t\t\t\t<\/span>\n\t\t\t\t\t<\/button>\n\t\t\t\t<\/div>\n\t\t\t<\/div>\n\t\t<\/form>\n\t\t <div class=\"brlbs-cmpnt-container brlbs-cmpnt-content-blocker brlbs-cmpnt-with-individual-styles\" data-borlabs-cookie-content-blocker-id=\"elementor-recaptcha\" data-borlabs-cookie-content=\"\"><div class=\"brlbs-cmpnt-cb-preset-b brlbs-cmpnt-cb-elementor-recaptcha\"> <div class=\"brlbs-cmpnt-cb-thumbnail\" style=\"background-image: url('https:\/\/www.zahnregulierung-klagenfurt.at\/wp-content\/uploads\/borlabs-cookie\/1\/bct-google-recaptcha-main.png')\"><\/div> <div class=\"brlbs-cmpnt-cb-main\"> <div class=\"brlbs-cmpnt-cb-content\"> <p class=\"brlbs-cmpnt-cb-description\">Sie m\u00fcssen den Inhalt von <strong>reCAPTCHA<\/strong> laden, um das Formular abzuschicken. Bitte beachten Sie, dass dabei Daten mit Drittanbietern ausgetauscht werden.<\/p> <a class=\"brlbs-cmpnt-cb-provider-toggle\" href=\"#\" data-borlabs-cookie-show-provider-information role=\"button\">Mehr Informationen<\/a> <\/div> <div class=\"brlbs-cmpnt-cb-buttons\"> <a class=\"brlbs-cmpnt-cb-btn\" href=\"#\" data-borlabs-cookie-unblock role=\"button\">Inhalt entsperren<\/a> <a class=\"brlbs-cmpnt-cb-btn\" href=\"#\" data-borlabs-cookie-accept-service role=\"button\" style=\"display: inherit\">Erforderlichen Service akzeptieren und Inhalte entsperren<\/a> <\/div> <\/div> <\/div><\/div>\t\t\t\t<\/div>\n\t\t\t\t<\/div>\n\t\t\t\t\t<\/div>\n\t\t<\/div>\n\t\t\t\t\t<\/div>\n\t\t<\/section>\n\t\t\t\t\t<\/div>\n\t\t<\/div>\n\t\t\t\t\t<\/div>\n\t\t<\/section>\n\t\t\t\t<\/div>\n\t\t","protected":false},"excerpt":{"rendered":"<p>Ist mein Fall geeignet? Die transparente Zahnspange wird als Alternative zu Brackets verwendet, um Zahnfehlstellungen zu regulieren. Beantworten Sie f\u00fcnf kurze Fragen und erfahren Sie, ob diese Methode auch f\u00fcr Sie und Ihren individuellen Fall geeignet sein k\u00f6nnte. Wir melden uns dann mit einer ersten Einsch\u00e4tzung bei Ihnen. Alternativ k\u00f6nnen Sie auch gerne einen unverbindlichen [&hellip;]<\/p>\n","protected":false},"author":1,"featured_media":0,"parent":0,"menu_order":0,"comment_status":"closed","ping_status":"closed","template":"elementor_header_footer","meta":{"footnotes":""},"class_list":["post-1273","page","type-page","status-publish","hentry"],"yoast_head":"<!-- This site is optimized with the Yoast SEO Premium plugin v22.0 (Yoast SEO v27.5) - https:\/\/yoast.com\/product\/yoast-seo-premium-wordpress\/ -->\n<title>Veneers als Methode gegen Zahnl\u00fccken<\/title>\n<meta name=\"description\" content=\"Sie interessieren sich f\u00fcr Veneers? Sie m\u00f6chten Ihre Zahnfehlstellung korrigieren? Jetzt zum unverbindlichen Beratungstermin!\" \/>\n<meta name=\"robots\" content=\"index, follow, max-snippet:-1, max-image-preview:large, max-video-preview:-1\" \/>\n<link rel=\"canonical\" href=\"https:\/\/www.zahnregulierung-klagenfurt.at\/de\/ist-mein-fall-geeignet\/\" \/>\n<meta property=\"og:locale\" content=\"de_DE\" \/>\n<meta property=\"og:type\" content=\"article\" \/>\n<meta property=\"og:title\" content=\"Ist mein Fall geeignet?\" \/>\n<meta property=\"og:description\" content=\"Dr. J&ouml;rg Hannesschl&auml;ger\" \/>\n<meta property=\"og:url\" content=\"https:\/\/www.zahnregulierung-klagenfurt.at\/de\/ist-mein-fall-geeignet\/\" \/>\n<meta property=\"og:site_name\" content=\"Dr. J&ouml;rg Hannesschl&auml;ger\" \/>\n<meta property=\"article:publisher\" content=\"https:\/\/www.facebook.com\/ZahnarztDrHannesschlaeger\/\" \/>\n<meta property=\"article:modified_time\" content=\"2025-12-10T10:09:47+00:00\" \/>\n<meta name=\"twitter:card\" content=\"summary_large_image\" \/>\n<meta name=\"twitter:label1\" content=\"Gesch\u00e4tzte Lesezeit\" \/>\n\t<meta name=\"twitter:data1\" content=\"1\u00a0Minute\" \/>\n<script type=\"application\/ld+json\" class=\"yoast-schema-graph\">{\"@context\":\"https:\\\/\\\/schema.org\",\"@graph\":[{\"@type\":\"WebPage\",\"@id\":\"https:\\\/\\\/www.zahnregulierung-klagenfurt.at\\\/de\\\/ist-mein-fall-geeignet\\\/\",\"url\":\"https:\\\/\\\/www.zahnregulierung-klagenfurt.at\\\/de\\\/ist-mein-fall-geeignet\\\/\",\"name\":\"Veneers als Methode gegen Zahnl\u00fccken\",\"isPartOf\":{\"@id\":\"https:\\\/\\\/www.zahnregulierung-klagenfurt.at\\\/de\\\/#website\"},\"datePublished\":\"2019-12-11T14:57:58+00:00\",\"dateModified\":\"2025-12-10T10:09:47+00:00\",\"description\":\"Sie interessieren sich f\u00fcr Veneers? Sie m\u00f6chten Ihre Zahnfehlstellung korrigieren? Jetzt zum unverbindlichen Beratungstermin!\",\"breadcrumb\":{\"@id\":\"https:\\\/\\\/www.zahnregulierung-klagenfurt.at\\\/de\\\/ist-mein-fall-geeignet\\\/#breadcrumb\"},\"inLanguage\":\"de\",\"potentialAction\":[{\"@type\":\"ReadAction\",\"target\":[\"https:\\\/\\\/www.zahnregulierung-klagenfurt.at\\\/de\\\/ist-mein-fall-geeignet\\\/\"]}]},{\"@type\":\"BreadcrumbList\",\"@id\":\"https:\\\/\\\/www.zahnregulierung-klagenfurt.at\\\/de\\\/ist-mein-fall-geeignet\\\/#breadcrumb\",\"itemListElement\":[{\"@type\":\"ListItem\",\"position\":1,\"name\":\"Zahnregulierung Klagenfurt\",\"item\":\"https:\\\/\\\/www.zahnregulierung-klagenfurt.at\\\/de\\\/\"},{\"@type\":\"ListItem\",\"position\":2,\"name\":\"Ist mein Fall geeignet?\"}]},{\"@type\":\"WebSite\",\"@id\":\"https:\\\/\\\/www.zahnregulierung-klagenfurt.at\\\/de\\\/#website\",\"url\":\"https:\\\/\\\/www.zahnregulierung-klagenfurt.at\\\/de\\\/\",\"name\":\"Dr. J&ouml;rg Hannesschl&auml;ger\",\"description\":\"\",\"publisher\":{\"@id\":\"https:\\\/\\\/www.zahnregulierung-klagenfurt.at\\\/de\\\/#organization\"},\"potentialAction\":[{\"@type\":\"SearchAction\",\"target\":{\"@type\":\"EntryPoint\",\"urlTemplate\":\"https:\\\/\\\/www.zahnregulierung-klagenfurt.at\\\/de\\\/?s={search_term_string}\"},\"query-input\":{\"@type\":\"PropertyValueSpecification\",\"valueRequired\":true,\"valueName\":\"search_term_string\"}}],\"inLanguage\":\"de\"},{\"@type\":\"Organization\",\"@id\":\"https:\\\/\\\/www.zahnregulierung-klagenfurt.at\\\/de\\\/#organization\",\"name\":\"Zahnarztpraxis Dr. J\u00f6rg Hannesschl\u00e4ger\",\"url\":\"https:\\\/\\\/www.zahnregulierung-klagenfurt.at\\\/de\\\/\",\"logo\":{\"@type\":\"ImageObject\",\"inLanguage\":\"de\",\"@id\":\"https:\\\/\\\/www.zahnregulierung-klagenfurt.at\\\/de\\\/#\\\/schema\\\/logo\\\/image\\\/\",\"url\":\"https:\\\/\\\/www.zahnregulierung-klagenfurt.at\\\/wp-content\\\/uploads\\\/2020\\\/01\\\/favicon-1.png\",\"contentUrl\":\"https:\\\/\\\/www.zahnregulierung-klagenfurt.at\\\/wp-content\\\/uploads\\\/2020\\\/01\\\/favicon-1.png\",\"width\":512,\"height\":512,\"caption\":\"Zahnarztpraxis Dr. J\u00f6rg Hannesschl\u00e4ger\"},\"image\":{\"@id\":\"https:\\\/\\\/www.zahnregulierung-klagenfurt.at\\\/de\\\/#\\\/schema\\\/logo\\\/image\\\/\"},\"sameAs\":[\"https:\\\/\\\/www.facebook.com\\\/ZahnarztDrHannesschlaeger\\\/\",\"https:\\\/\\\/www.instagram.com\\\/zahnarztpraxis_lendhafen\\\/\",\"https:\\\/\\\/www.youtube.com\\\/channel\\\/UCY8wT4RYM_OJDcXanarV9Ag\",\"https:\\\/\\\/www.pinterest.at\\\/PraxisLendhafen\\\/\",\"https:\\\/\\\/www.tiktok.com\\\/@zahnarztpraxis_lendhafen\"]}]}<\/script>\n<!-- \/ Yoast SEO Premium plugin. -->","yoast_head_json":{"title":"Veneers als Methode gegen Zahnl\u00fccken","description":"Sie interessieren sich f\u00fcr Veneers? Sie m\u00f6chten Ihre Zahnfehlstellung korrigieren? Jetzt zum unverbindlichen Beratungstermin!","robots":{"index":"index","follow":"follow","max-snippet":"max-snippet:-1","max-image-preview":"max-image-preview:large","max-video-preview":"max-video-preview:-1"},"canonical":"https:\/\/www.zahnregulierung-klagenfurt.at\/de\/ist-mein-fall-geeignet\/","og_locale":"de_DE","og_type":"article","og_title":"Ist mein Fall geeignet?","og_description":"Dr. J&ouml;rg Hannesschl&auml;ger","og_url":"https:\/\/www.zahnregulierung-klagenfurt.at\/de\/ist-mein-fall-geeignet\/","og_site_name":"Dr. J&ouml;rg Hannesschl&auml;ger","article_publisher":"https:\/\/www.facebook.com\/ZahnarztDrHannesschlaeger\/","article_modified_time":"2025-12-10T10:09:47+00:00","twitter_card":"summary_large_image","twitter_misc":{"Gesch\u00e4tzte Lesezeit":"1\u00a0Minute"},"schema":{"@context":"https:\/\/schema.org","@graph":[{"@type":"WebPage","@id":"https:\/\/www.zahnregulierung-klagenfurt.at\/de\/ist-mein-fall-geeignet\/","url":"https:\/\/www.zahnregulierung-klagenfurt.at\/de\/ist-mein-fall-geeignet\/","name":"Veneers als Methode gegen Zahnl\u00fccken","isPartOf":{"@id":"https:\/\/www.zahnregulierung-klagenfurt.at\/de\/#website"},"datePublished":"2019-12-11T14:57:58+00:00","dateModified":"2025-12-10T10:09:47+00:00","description":"Sie interessieren sich f\u00fcr Veneers? Sie m\u00f6chten Ihre Zahnfehlstellung korrigieren? Jetzt zum unverbindlichen Beratungstermin!","breadcrumb":{"@id":"https:\/\/www.zahnregulierung-klagenfurt.at\/de\/ist-mein-fall-geeignet\/#breadcrumb"},"inLanguage":"de","potentialAction":[{"@type":"ReadAction","target":["https:\/\/www.zahnregulierung-klagenfurt.at\/de\/ist-mein-fall-geeignet\/"]}]},{"@type":"BreadcrumbList","@id":"https:\/\/www.zahnregulierung-klagenfurt.at\/de\/ist-mein-fall-geeignet\/#breadcrumb","itemListElement":[{"@type":"ListItem","position":1,"name":"Zahnregulierung Klagenfurt","item":"https:\/\/www.zahnregulierung-klagenfurt.at\/de\/"},{"@type":"ListItem","position":2,"name":"Ist mein Fall geeignet?"}]},{"@type":"WebSite","@id":"https:\/\/www.zahnregulierung-klagenfurt.at\/de\/#website","url":"https:\/\/www.zahnregulierung-klagenfurt.at\/de\/","name":"Dr. J&ouml;rg Hannesschl&auml;ger","description":"","publisher":{"@id":"https:\/\/www.zahnregulierung-klagenfurt.at\/de\/#organization"},"potentialAction":[{"@type":"SearchAction","target":{"@type":"EntryPoint","urlTemplate":"https:\/\/www.zahnregulierung-klagenfurt.at\/de\/?s={search_term_string}"},"query-input":{"@type":"PropertyValueSpecification","valueRequired":true,"valueName":"search_term_string"}}],"inLanguage":"de"},{"@type":"Organization","@id":"https:\/\/www.zahnregulierung-klagenfurt.at\/de\/#organization","name":"Zahnarztpraxis Dr. J\u00f6rg Hannesschl\u00e4ger","url":"https:\/\/www.zahnregulierung-klagenfurt.at\/de\/","logo":{"@type":"ImageObject","inLanguage":"de","@id":"https:\/\/www.zahnregulierung-klagenfurt.at\/de\/#\/schema\/logo\/image\/","url":"https:\/\/www.zahnregulierung-klagenfurt.at\/wp-content\/uploads\/2020\/01\/favicon-1.png","contentUrl":"https:\/\/www.zahnregulierung-klagenfurt.at\/wp-content\/uploads\/2020\/01\/favicon-1.png","width":512,"height":512,"caption":"Zahnarztpraxis Dr. J\u00f6rg Hannesschl\u00e4ger"},"image":{"@id":"https:\/\/www.zahnregulierung-klagenfurt.at\/de\/#\/schema\/logo\/image\/"},"sameAs":["https:\/\/www.facebook.com\/ZahnarztDrHannesschlaeger\/","https:\/\/www.instagram.com\/zahnarztpraxis_lendhafen\/","https:\/\/www.youtube.com\/channel\/UCY8wT4RYM_OJDcXanarV9Ag","https:\/\/www.pinterest.at\/PraxisLendhafen\/","https:\/\/www.tiktok.com\/@zahnarztpraxis_lendhafen"]}]}},"_links":{"self":[{"href":"https:\/\/www.zahnregulierung-klagenfurt.at\/de\/wp-json\/wp\/v2\/pages\/1273","targetHints":{"allow":["GET"]}}],"collection":[{"href":"https:\/\/www.zahnregulierung-klagenfurt.at\/de\/wp-json\/wp\/v2\/pages"}],"about":[{"href":"https:\/\/www.zahnregulierung-klagenfurt.at\/de\/wp-json\/wp\/v2\/types\/page"}],"author":[{"embeddable":true,"href":"https:\/\/www.zahnregulierung-klagenfurt.at\/de\/wp-json\/wp\/v2\/users\/1"}],"replies":[{"embeddable":true,"href":"https:\/\/www.zahnregulierung-klagenfurt.at\/de\/wp-json\/wp\/v2\/comments?post=1273"}],"version-history":[{"count":45,"href":"https:\/\/www.zahnregulierung-klagenfurt.at\/de\/wp-json\/wp\/v2\/pages\/1273\/revisions"}],"predecessor-version":[{"id":6309,"href":"https:\/\/www.zahnregulierung-klagenfurt.at\/de\/wp-json\/wp\/v2\/pages\/1273\/revisions\/6309"}],"wp:attachment":[{"href":"https:\/\/www.zahnregulierung-klagenfurt.at\/de\/wp-json\/wp\/v2\/media?parent=1273"}],"curies":[{"name":"wp","href":"https:\/\/api.w.org\/{rel}","templated":true}]}}